

{"id":1455,"date":"2023-07-31T15:42:19","date_gmt":"2023-07-31T15:42:19","guid":{"rendered":"https:\/\/jumpingframes.com\/?page_id=2847"},"modified":"2023-09-25T04:10:02","modified_gmt":"2023-09-25T04:10:02","slug":"xavier-le-roy","status":"publish","type":"page","link":"https:\/\/jumpingframes.com\/en\/xavier-le-roy\/","title":{"rendered":"Featuring Artist II: Xavier LE ROY"},"content":{"rendered":"\n<div class=\"is-layout-flex wp-container-3 wp-block-columns\">\n<div class=\"is-layout-flow wp-block-column\" style=\"flex-basis:33.33%\">\n<figure class=\"wp-block-image size-large\"><img decoding=\"async\" src=\"https:\/\/jumpingframes.com\/wp-content\/uploads\/2023\/07\/\u87a2\u5e55\u64f7\u53d6\u756b\u9762-2023-07-31-161527-1024x805.png\" alt=\"\" class=\"wp-image-2743\"\/><\/figure>\n<\/div>\n\n\n\n<div class=\"is-layout-flow wp-block-column\" style=\"flex-basis:66.66%\">\n<p>Acclaimed choreographer Xavier Le Roy is one of the most influential dance thinkers of our time.<\/p>\n\n\n\n<p>Le Roy holds a doctorate in molecular biology at the University of Montpellier, France, and has worked as an artist since 1991. Since 2018, he has worked as Professor at the Institute for Applied Theater Studies in Giessen (Germany). He was artist-in-residence at the Podewil in Berlin (1996-2003), Associated Artist at Centre Chor\u00e9graphique National de Montpellier (2007- 2008), Artist in Residence fellow at the MIT Program in Art Culture and Technology (Cambridge, MA) (2010), and Artist-in-residence at Th\u00e9\u00e2tre de la Cit\u00e9 Internationale, Paris (2012-2015).<\/p>\n\n\n\n<p>Through his solo works such as Self Unfinished (1998), Product of Circumstances (1999) and Le sacre du printemps (2007), he has opened new perspectives in the field of choreography. Le Roy develops his work like a researcher, while simultaneously focusing on the relationships between process and product and his own involvement in the process. His latest works investigate the time and space of exhibitions as well as the specificity of the relationships between spectators and live art works that exhibition spaces, museums or other public spaces allow. His work has been presented internationally, include Skulptur Projekete M\u00fcnster 2017,<br>Tai Kwun Contemporary (Hong Kong), Tapi\u00e8s Foundation (Barcelona), MoMA PS1 (New York), Kaldor Public Art Projects (Sydney), Centre Pompidou (Paris), and La Biennale di Venezia Danza, among others.<\/p>\n<\/div>\n<\/div>\n\n\n\n<div style=\"height:100px\" aria-hidden=\"true\" class=\"wp-block-spacer\"><\/div>\n\n\n\n<hr class=\"wp-block-separator has-alpha-channel-opacity\"\/>\n\n\n\n<div style=\"height:100px\" aria-hidden=\"true\" class=\"wp-block-spacer\"><\/div>\n\n\n\n<figure class=\"is-layout-flex wp-block-gallery-4 wp-block-gallery has-nested-images columns-default is-cropped\">\n<figure class=\"wp-block-image size-large\"><img decoding=\"async\" data-id=\"2745\"  src=\"https:\/\/jumpingframes.com\/wp-content\/uploads\/2023\/07\/03.jpg\" alt=\"\" class=\"wp-image-2745\"\/><\/figure>\n\n\n\n<figure class=\"wp-block-image size-large\"><img decoding=\"async\" data-id=\"2833\"  src=\"https:\/\/jumpingframes.com\/wp-content\/uploads\/2023\/07\/04.jpg\" alt=\"\" class=\"wp-image-2833\"\/><\/figure>\n<\/figure>\n\n\n\n<p><strong><em>PRODUCT OF OTHER CIRCUMSTANCES<\/em><\/strong>&nbsp;<strong>(2009)<\/strong><br><strong>Lecture Performance by Xavier Le Roy<\/strong><\/p>\n\n\n\n<blockquote class=\"wp-block-quote\">\n<p>From and by: Xavier Le Roy<br>Production: Le Kwatt<br>Coproduction: Le mus\u00e9e de la danse \u2013 Rennes<br>Thanks to: Boris Charmatz, PAF (performing arts forum)<\/p>\n<\/blockquote>\n\n\n\n<p>In October 2009, after an email exchange (read here after), Xavier Le Roy created a performance titled<br>Xavier makes someRebutoh. Resulting of a research done during the free time of the choreographer, this<br>product could be qualified as being an amateur\u2019s work. Product of other circumstances (2009) is<br>the extension of this experience, it\u2019s a method of circumstances, a show as storytelling, the narration<br>of a work illustrated by attempts to get closer to, and to embody, a foreign dance using resources available to everybody such as internet, some books, as well as memories and anecdotes.<\/p>\n\n\n\n<blockquote class=\"wp-block-quote\">\n<p>De: \u201cBoris Charmatz\u201d<br>&lt;<a href=\"mailto:borischarmatz@museedeladanse.org\">borischarmatz@museedeladanse.org<\/a>&gt;<br>Date: 25 juin 2009 15:35:54 GMT+02:00<br>\u00c0:&nbsp;&lt;<a href=\"mailto:xavier.le.roy@free.fr\">xavier.le.roy@free.fr<\/a>&gt;<br>Objet: ditfait<\/p>\n<\/blockquote>\n\n\n\n<p>Hello,<br>One day you told me (we were talking about education): \u00ab to become a Butoh dancer you need<br>two hours \u00bb. I loved this sentence, even if you already forgot it (?). Since then (5 years?) I fantasised about<br>a performance from you that would challenge your words, I imagined that you would work 2 hours and<br>perform a Butoh dance. What do you think? I know that you don\u2019t do very often interventions off the cuff.<br>But maybe\u2026<br>\u2026 On the 24th of October I organise a day called \u00abrebutoh \u00bb and maybe in this frame work you could do<br>something starting from this sentence\u2026\u2026 but I ask very late. And I don\u2019t know if that will be possible. What do you think? Of course you can twist the proposal, react \u2026 come with 15 performers\u2026 But I start with this phantasm and this conceptual object : \u00ab one day xavier told me\u2026\u2026. \u00bb \u201cto become a Butoh dancer you, need two hours \u00bb \u2026<\/p>\n\n\n\n<blockquote class=\"wp-block-quote\">\n<p>De: Xavier Le Roy&nbsp;&lt;<a href=\"mailto:xavier.le.roy@free.fr\">xavier.le.roy@free.fr<\/a>&gt;<br>Date: 26 juin 2009 16:07:04 GMT+02:00<br>\u00c0: Boris Charmatz<br>&lt;<a href=\"mailto:borischarmatz@museedeladanse.org\">borischarmatz@museedeladanse.org<\/a>&gt;<br>Objet: R\u00e9p : ditfait<\/p>\n<\/blockquote>\n\n\n\n<p>Dear Boris,<br>I really say whatever nonsense during our discussions, or maybe not? Let\u2019s see\u2026 If I really said this, I have to take responsibility for it. If I never said this, then, I think it\u2019s a brilliant idea from you. Anyway I start to think about it. I know nothing about Butoh so we will see. By miracle it seems that the 24th of October could work out, just one thing to move. Today there is the set up and rehearsal for \u201cLe sacre\u201d on top of the 3000 other activities of the festival Inpresentable that we organise. So I don\u2019t have time, but I will come back to this answer later\u2026<\/p>\n\n\n\n<hr class=\"wp-block-separator has-alpha-channel-opacity is-style-dots\"\/>\n\n\n\n<p class=\"has-medium-font-size\"><strong><strong><em>PRODUCT OF OTHER CIRCUMSTANCES<\/em><\/strong>&nbsp;<strong>(2009)<\/strong><\/strong><\/p>\n\n\n\n<p>13\/9 [Wed]<br>7:30pm<br>Kino, 1\/F Eaton HK<\/p>\n\n\n\n<p><strong>*With post-screening\/performance sharing session<\/strong><\/p>\n\n\n\n<p class=\"has-small-font-size\">Expanded Space: (RE)PLAY: Lecture Performance \/ Performance Lecture will be sold as a package, which includes one performance and three film screenings.<\/p>\n\n\n\n<hr class=\"wp-block-separator has-alpha-channel-opacity is-style-dots\"\/>\n\n\n\n<p><em><strong>Product of Other Circumstances in 186 Screenshots<\/strong><\/em><\/p>\n\n\n\n<p><strong>Exhibition<br>2023, Photographic Prints of screenshots<\/strong><\/p>\n\n\n\n<p>Three series of pictures of each screen shot made every two minutes on video documentations of the<br>choreography Product of Other Circumstances (2009) recorded in 2011 in Lisbon \u2013 Portugal, Seoul \u2013 South<br>Korea, and in 2019 in Pantin \u2013 France.<\/p>\n\n\n\n<p>This work is a response to the invitation of Elysa Wendi, Curator of \u2018Jumping Frames \u2013 Hong Kong International Movement-image Festival\u2019 to think about mode of archiving performances, as well as traces of a live work for an exhibition during a period extending the live performance on the 13th of September at Eaton HK.<\/p>\n\n\n\n<p>The work Product of Other Circumstances in 186 Screenshots is based on three recordings of the<br>performance Product of Other Circumstances (2009) in three different places for three different languages between 2011 and 2019. The choices of the screen shots are independent from the desire to be emphasised, or make certain contents visible despite others, but rather, following a set timeline of one screen shot each minute in order to recompose the meanings and juxtapose the timelines of the three different performances giving space and time in between, where when the visitors continue the necessary imagination to give a life to the archive works.<\/p>\n\n\n\n<p>The projection of a film produces movements by jumping from one frame to the next. While the images of Product of Other Circumstances in 186 ScreenShots allow the visitors to walk (jump) from one frame to the other. Between perception and imagination, each visitor will compose something between the past performances, the present receptions and the future archives.<\/p>\n\n\n\n<hr class=\"wp-block-separator has-alpha-channel-opacity is-style-dots\"\/>\n\n\n\n<p>Date\uff1a13\/9 \u2013 6\/10\/2023<\/p>\n\n\n\n<p>Time\uff1a2:00pm-9:00pm (Free admission)<\/p>\n\n\n\n<p>Location\uff1aTomorrow Maybe, 4\/F Eaton HK<\/p>\n\n\n\n<div class=\"is-layout-flex wp-block-buttons\">\n<div class=\"wp-block-button\"><a class=\"wp-block-button__link wp-element-button\" href=\"https:\/\/jumpingframes.com\/en\/expanded-space-2023\/\">Details<\/a><\/div>\n<\/div>\n\n\n\n<hr class=\"wp-block-separator has-alpha-channel-opacity is-style-dots\"\/>\n\n\n\n<p><strong>Dialogue<\/strong><\/p>\n\n\n\n<p>13\/9 [Wed]<br>11:00am<\/p>\n\n\n\n<p>Location\uff1aKino, 1\/F Eaton HK<\/p>\n\n\n\n<div class=\"is-layout-flex wp-block-buttons\">\n<div class=\"wp-block-button\"><a class=\"wp-block-button__link wp-element-button\" href=\"https:\/\/jumpingframes.com\/en\/dialogues\/\">Details<\/a><\/div>\n<\/div>\n","protected":false},"excerpt":{"rendered":"<p>Acclaimed choreographer Xavier Le Roy is one of the most [&hellip;]<\/p>\n","protected":false},"author":1,"featured_media":0,"parent":0,"menu_order":0,"comment_status":"closed","ping_status":"closed","template":"","meta":{"ub_ctt_via":""},"featured_image_src":null,"yoast_head":"<!-- This site is optimized with the Yoast SEO plugin v21.1 - https:\/\/yoast.com\/wordpress\/plugins\/seo\/ -->\n<title>Featuring Artist II: Xavier LE ROY - Jumping Frames - Hong Kong International Movement-image Festival<\/title>\n<meta name=\"description\" content=\"Featuring Artist II: Xavier LE ROY\" \/>\n<meta name=\"robots\" content=\"index, follow, max-snippet:-1, max-image-preview:large, max-video-preview:-1\" \/>\n<link rel=\"canonical\" href=\"https:\/\/jumpingframes.com\/en\/xavier-le-roy\/\" \/>\n<meta property=\"og:locale\" content=\"en_US\" \/>\n<meta property=\"og:type\" content=\"article\" \/>\n<meta property=\"og:title\" content=\"Featuring Artist II: Xavier LE ROY - Jumping Frames - Hong Kong International Movement-image Festival\" \/>\n<meta property=\"og:description\" content=\"Featuring Artist II: Xavier LE ROY\" \/>\n<meta property=\"og:url\" content=\"https:\/\/jumpingframes.com\/en\/xavier-le-roy\/\" \/>\n<meta property=\"og:site_name\" content=\"Jumping Frames - Hong Kong International Movement-image Festival\" \/>\n<meta property=\"article:modified_time\" content=\"2023-09-25T04:10:02+00:00\" \/>\n<meta property=\"og:image\" content=\"https:\/\/jumpingframes.com\/wp-content\/uploads\/2023\/07\/03.jpg\" \/>\n<meta name=\"twitter:card\" content=\"summary_large_image\" \/>\n<meta name=\"twitter:label1\" content=\"Est. reading time\" \/>\n\t<meta name=\"twitter:data1\" content=\"5 minutes\" \/>\n<script type=\"application\/ld+json\" class=\"yoast-schema-graph\">{\"@context\":\"https:\/\/schema.org\",\"@graph\":[{\"@type\":\"WebPage\",\"@id\":\"https:\/\/jumpingframes.com\/en\/xavier-le-roy\/\",\"url\":\"https:\/\/jumpingframes.com\/en\/xavier-le-roy\/\",\"name\":\"Featuring Artist II: Xavier LE ROY - Jumping Frames - Hong Kong International Movement-image Festival\",\"isPartOf\":{\"@id\":\"https:\/\/jumpingframes.com\/en\/#website\"},\"datePublished\":\"2023-07-31T15:42:19+00:00\",\"dateModified\":\"2023-09-25T04:10:02+00:00\",\"description\":\"Featuring Artist II: Xavier LE ROY\",\"breadcrumb\":{\"@id\":\"https:\/\/jumpingframes.com\/en\/xavier-le-roy\/#breadcrumb\"},\"inLanguage\":\"en-US\",\"potentialAction\":[{\"@type\":\"ReadAction\",\"target\":[\"https:\/\/jumpingframes.com\/en\/xavier-le-roy\/\"]}]},{\"@type\":\"BreadcrumbList\",\"@id\":\"https:\/\/jumpingframes.com\/en\/xavier-le-roy\/#breadcrumb\",\"itemListElement\":[{\"@type\":\"ListItem\",\"position\":1,\"name\":\"Home\",\"item\":\"https:\/\/jumpingframes.com\/en\/\"},{\"@type\":\"ListItem\",\"position\":2,\"name\":\"Featuring Artist II: Xavier LE ROY\"}]},{\"@type\":\"WebSite\",\"@id\":\"https:\/\/jumpingframes.com\/en\/#website\",\"url\":\"https:\/\/jumpingframes.com\/en\/\",\"name\":\"Jumping Frames - Hong Kong International Movement-image Festival\",\"description\":\"Jumping Frames - Hong Kong International Movement-image Festival\",\"publisher\":{\"@id\":\"https:\/\/jumpingframes.com\/en\/#organization\"},\"potentialAction\":[{\"@type\":\"SearchAction\",\"target\":{\"@type\":\"EntryPoint\",\"urlTemplate\":\"https:\/\/jumpingframes.com\/en\/?s={search_term_string}\"},\"query-input\":\"required name=search_term_string\"}],\"inLanguage\":\"en-US\"},{\"@type\":\"Organization\",\"@id\":\"https:\/\/jumpingframes.com\/en\/#organization\",\"name\":\"Jumping Frames\",\"url\":\"https:\/\/jumpingframes.com\/en\/\",\"logo\":{\"@type\":\"ImageObject\",\"inLanguage\":\"en-US\",\"@id\":\"https:\/\/jumpingframes.com\/en\/#\/schema\/logo\/image\/\",\"url\":\"https:\/\/jumpingframes.com\/en\/wp-content\/uploads\/sites\/3\/2022\/07\/JF-Logo-300x108_w.png\",\"contentUrl\":\"https:\/\/jumpingframes.com\/en\/wp-content\/uploads\/sites\/3\/2022\/07\/JF-Logo-300x108_w.png\",\"width\":300,\"height\":108,\"caption\":\"Jumping Frames\"},\"image\":{\"@id\":\"https:\/\/jumpingframes.com\/en\/#\/schema\/logo\/image\/\"}}]}<\/script>\n<!-- \/ Yoast SEO plugin. -->","yoast_head_json":{"title":"Featuring Artist II: Xavier LE ROY - Jumping Frames - Hong Kong International Movement-image Festival","description":"Featuring Artist II: Xavier LE ROY","robots":{"index":"index","follow":"follow","max-snippet":"max-snippet:-1","max-image-preview":"max-image-preview:large","max-video-preview":"max-video-preview:-1"},"canonical":"https:\/\/jumpingframes.com\/en\/xavier-le-roy\/","og_locale":"en_US","og_type":"article","og_title":"Featuring Artist II: Xavier LE ROY - Jumping Frames - Hong Kong International Movement-image Festival","og_description":"Featuring Artist II: Xavier LE ROY","og_url":"https:\/\/jumpingframes.com\/en\/xavier-le-roy\/","og_site_name":"Jumping Frames - Hong Kong International Movement-image Festival","article_modified_time":"2023-09-25T04:10:02+00:00","og_image":[{"url":"https:\/\/jumpingframes.com\/wp-content\/uploads\/2023\/07\/03.jpg"}],"twitter_card":"summary_large_image","twitter_misc":{"Est. reading time":"5 minutes"},"schema":{"@context":"https:\/\/schema.org","@graph":[{"@type":"WebPage","@id":"https:\/\/jumpingframes.com\/en\/xavier-le-roy\/","url":"https:\/\/jumpingframes.com\/en\/xavier-le-roy\/","name":"Featuring Artist II: Xavier LE ROY - Jumping Frames - Hong Kong International Movement-image Festival","isPartOf":{"@id":"https:\/\/jumpingframes.com\/en\/#website"},"datePublished":"2023-07-31T15:42:19+00:00","dateModified":"2023-09-25T04:10:02+00:00","description":"Featuring Artist II: Xavier LE ROY","breadcrumb":{"@id":"https:\/\/jumpingframes.com\/en\/xavier-le-roy\/#breadcrumb"},"inLanguage":"en-US","potentialAction":[{"@type":"ReadAction","target":["https:\/\/jumpingframes.com\/en\/xavier-le-roy\/"]}]},{"@type":"BreadcrumbList","@id":"https:\/\/jumpingframes.com\/en\/xavier-le-roy\/#breadcrumb","itemListElement":[{"@type":"ListItem","position":1,"name":"Home","item":"https:\/\/jumpingframes.com\/en\/"},{"@type":"ListItem","position":2,"name":"Featuring Artist II: Xavier LE ROY"}]},{"@type":"WebSite","@id":"https:\/\/jumpingframes.com\/en\/#website","url":"https:\/\/jumpingframes.com\/en\/","name":"Jumping Frames - Hong Kong International Movement-image Festival","description":"Jumping Frames - Hong Kong International Movement-image Festival","publisher":{"@id":"https:\/\/jumpingframes.com\/en\/#organization"},"potentialAction":[{"@type":"SearchAction","target":{"@type":"EntryPoint","urlTemplate":"https:\/\/jumpingframes.com\/en\/?s={search_term_string}"},"query-input":"required name=search_term_string"}],"inLanguage":"en-US"},{"@type":"Organization","@id":"https:\/\/jumpingframes.com\/en\/#organization","name":"Jumping Frames","url":"https:\/\/jumpingframes.com\/en\/","logo":{"@type":"ImageObject","inLanguage":"en-US","@id":"https:\/\/jumpingframes.com\/en\/#\/schema\/logo\/image\/","url":"https:\/\/jumpingframes.com\/en\/wp-content\/uploads\/sites\/3\/2022\/07\/JF-Logo-300x108_w.png","contentUrl":"https:\/\/jumpingframes.com\/en\/wp-content\/uploads\/sites\/3\/2022\/07\/JF-Logo-300x108_w.png","width":300,"height":108,"caption":"Jumping Frames"},"image":{"@id":"https:\/\/jumpingframes.com\/en\/#\/schema\/logo\/image\/"}}]}},"post_mailing_queue_ids":[],"_links":{"self":[{"href":"https:\/\/jumpingframes.com\/en\/wp-json\/wp\/v2\/pages\/1455"}],"collection":[{"href":"https:\/\/jumpingframes.com\/en\/wp-json\/wp\/v2\/pages"}],"about":[{"href":"https:\/\/jumpingframes.com\/en\/wp-json\/wp\/v2\/types\/page"}],"author":[{"embeddable":true,"href":"https:\/\/jumpingframes.com\/en\/wp-json\/wp\/v2\/users\/1"}],"replies":[{"embeddable":true,"href":"https:\/\/jumpingframes.com\/en\/wp-json\/wp\/v2\/comments?post=1455"}],"version-history":[{"count":8,"href":"https:\/\/jumpingframes.com\/en\/wp-json\/wp\/v2\/pages\/1455\/revisions"}],"predecessor-version":[{"id":2142,"href":"https:\/\/jumpingframes.com\/en\/wp-json\/wp\/v2\/pages\/1455\/revisions\/2142"}],"wp:attachment":[{"href":"https:\/\/jumpingframes.com\/en\/wp-json\/wp\/v2\/media?parent=1455"}],"curies":[{"name":"wp","href":"https:\/\/api.w.org\/{rel}","templated":true}]}}